{"id":134,"date":"2021-06-04T12:00:59","date_gmt":"2021-06-04T12:00:59","guid":{"rendered":"https:\/\/gite.belicious.be\/mentions-legales\/"},"modified":"2021-06-04T12:02:47","modified_gmt":"2021-06-04T12:02:47","slug":"impressum","status":"publish","type":"page","link":"https:\/\/gite.belicious.be\/de\/impressum\/","title":{"rendered":"Impressum"},"content":{"rendered":"\n<h2 class=\"wp-block-heading\">PRODUKTION \/ WEBDESIGN<\/h2>\n\n\n\n<p><a href=\"https:\/\/www.digitalvision.lu\/\" target=\"_blank\" rel=\"noreferrer noopener\"><strong>Digital Vision S.\u00e0 r.l. \u2013 IT-Dienstleistungen<\/strong><\/a><\/p>\n\n\n\n<p>Am Hock, 4<br>9991 Weiswampach<br>Luxemburg<\/p>\n\n\n\n<p><a href=\"https:\/\/www.digitalvision.lu\/\" target=\"_blank\" rel=\"noreferrer noopener\">Agence Web Digital Vision<\/a><\/p>\n\n\n\n<p>+352 206 011 02<\/p>\n\n\n\n<p>IBLC: LU31296945<br>Matricule: 2019 2436 495<br>RCS Luxembourg: B235393<\/p>\n\n\n\n<h2 class=\"wp-block-heading\">WEB-HOSTING\/DATACENTER<\/h2>\n\n\n\n<p><strong>Microsoft Azure<\/strong><\/p>\n\n\n\n<p>Amsterdam Data Center<br>Agriport 601,<br>1775 TK Middenmeer<br>Netherlands<\/p>\n\n\n\n<h2 class=\"wp-block-heading\">GESETZLICHE INFORMATIONEN &amp; NUTZUNGSBEDINGUNGEN<\/h2>\n\n\n\n<h3 class=\"wp-block-heading\">ZUGANGSBEDINGUNGEN ZUR WEBSITE<\/h3>\n\n\n\n<p>Jede Person (im Folgenden \u201eder Nutzer\u201c), die auf diese Website (im Folgenden \u201edie Website\u201c) zugreift, erkl\u00e4rt sich mit allen Bestimmungen und Nutzungsbedingungen der Website vorbehaltlos einverstanden. Die Website ist jederzeit und \u00fcberall auf der Welt zug\u00e4nglich. Der Nutzer, der sich mit der Website verbindet, tr\u00e4gt die alleinige Verantwortung f\u00fcr die Einhaltung der Gesetze und\/oder Vorschriften des Landes, in dem er seinen Wohnsitz hat, oder des Landes, von dem aus er sich mit der Website verbindet.<\/p>\n\n\n\n<h3 class=\"wp-block-heading\">\u00c4NDERUNGEN DER VORLIEGENDEN NUTZUNGSBEDINGUNGEN, ZUST\u00c4NDIGKEIT UND ANWENDBARES RECHT<\/h3>\n\n\n\n<p>Die vorliegenden Nutzungsbedingungen k\u00f6nnen vom Herausgeber jederzeit ge\u00e4ndert werden. Die auf jedwede Verwendung der Website anwendbaren Nutzungsbedingungen sind die zum Zeitpunkt der Einsicht durch den Benutzer auf der Website ver\u00f6ffentlichten. Die Nichtigkeit oder Ung\u00fcltigkeit einer Bestimmung der vorliegenden Nutzungsbedingungen hat keine Auswirkungen auf die anderen Bestimmungen der vorliegenden Bedingungen.<\/p>\n\n\n\n<h2 class=\"wp-block-heading\" id=\"privacy\">PRIVATSPH\u00c4RE UND DATENSCHUTZ<\/h2>\n\n\n\n<h3 class=\"wp-block-heading\">VERARBEITUNG DER PERSONENBEZOGENEN DATEN<\/h3>\n\n\n\n<p>Personenbezogene Daten d\u00fcrfen nur gem\u00e4\u00df den Regeln der Gesetze des Datenschutzes erhoben und verarbeitet werden.<br>In bestimmten F\u00e4llen, speziell wenn der Benutzer auf der Website ein Formular ausf\u00fcllt und abschickt, ist es m\u00f6glich, dass bestimmte pers\u00f6nliche Daten auf dem Server gespeichert werden. Diese Informationen werden als vertraulich angesehen und entsprechend behandelt. Sie werden daher niemals ohne vorhergehende Zustimmung des Benutzers an Dritte verkauft oder weitergegeben.<br>Wenn die Website \u00fcber einen Newsletter verf\u00fcgt, kann sich der Benutzer dort anmelden, um regelm\u00e4\u00dfig Informationen per E-Mail zu erhalten. In diesem Fall ben\u00f6tigt der Herausgeber eine g\u00fcltige E-Mail-Adresse, die der sich anmeldende Benutzer \u00fcber das entsprechende Formular \u00fcbermittelt. Der Benutzer best\u00e4tigt, der Eigent\u00fcmer der \u00fcbermittelten E-Mail-Adresse zu sein und erteilt seine Zustimmung f\u00fcr den Erhalt von E-Mails durch die Website oder den Herausgeber. Der Benutzer hat das Recht, sich jederzeit abzumelden.<br>Der Benutzer hat das Recht, seine pers\u00f6nlichen Daten einzusehen um deren Richtigkeit zu \u00fcberpr\u00fcfen und gegebenenfalls deren Berichtigung zu verlangen. Dazu schickt er einen Einschreibebrief an den Herausgeber der Website dessen Kontaktinformationen oben angegeben sind.<\/p>\n\n\n\n<h3 class=\"wp-block-heading\">KOMMENTARE<\/h3>\n\n\n\n<p>Wenn Sie einen Kommentar auf unserer Website hinterlassen, werden die im Kommentarformular eingegebenen Daten, sowie Ihre IP-Adresse und der User-Agent Ihres Browsers erfasst, damit wir unerw\u00fcnschte Kommentare aufsp\u00fcren k\u00f6nnen.<\/p>\n\n\n\n<p>Ein aus Ihrer E-Mail-Adresse erstellter anonymisierter String (auch Hash genannt), kann an den Gravatar-Dienst gesendet werden, um zu \u00fcberpr\u00fcfen, ob Sie den Dienst verwenden. Die Datenschutzerkl\u00e4rung des Gravatar-Dienstes finden Sie unter:&nbsp;<a href=\"https:\/\/automattic.com\/privacy\/\" target=\"_blank\" rel=\"noreferrer noopener\">https:\/\/automattic.com\/privacy\/<\/a>. Nach Freigabe Ihres Kommentars, ist Ihr Profilbild neben Ihrem Kommentar \u00f6ffentlich sichtbar.<\/p>\n\n\n\n<h3 class=\"wp-block-heading\">MEDIEN<\/h3>\n\n\n\n<p>Wenn Sie ein registrierter Nutzer bzw. eine registrierte Nutzerin sind und Fotos auf die Website hochladen, empfehlen wir Ihnen, das Hochladen von Fotos mit EXIF-GPS-Koordinaten zu vermeiden. Besucher Ihrer Website k\u00f6nnen Standortdaten aus diesen Fotos herunterladen und extrahieren.<\/p>\n\n\n\n<h3 class=\"wp-block-heading\">KONTAKTFORMULARE<\/h3>\n\n\n\n<p>Wenn Sie auf unsere Website eine Nachricht senden, werden die im Kontaktformular eingegebenen Daten erfasst, damit wir Ihre Anfrage beantworten k\u00f6nnen. Sie werden aufgefordert, Ihren Namen, Ihre E-Mail-Adresse und Ihre Telefonnummer anzugeben. Wir verwenden diese Daten nur zum Zwecke der Beantwortung Ihrer Anfrage und werden Ihre Daten gem\u00e4\u00df unserer Datenschutzrichtlinien vertraulich behandeln.<\/p>\n\n\n\n<h3 class=\"wp-block-heading\">INHALTE ANDERER WEBSEITEN<\/h3>\n\n\n\n<p>Beitr\u00e4ge auf dieser Website k\u00f6nnen eingebettete Inhalte enthalten (z.B. Videos, Bilder, Beitr\u00e4ge\u2026). Eingebettete Inhalte von anderen Websites verhalten sich genauso, als ob der Besucher diese andere Website besuchen w\u00fcrde. Diese Websites k\u00f6nnen Daten \u00fcber Sie erfassen, Cookies verwenden, Tracking-Tools von Dritten einbetten und Ihre Interaktionen mit solchen eingebetteten Inhalten verfolgen, falls Sie ein Konto auf deren Website angemeldet haben.<\/p>\n\n\n\n<h3 class=\"wp-block-heading\">NEWSLETTER<\/h3>\n\n\n\n<p>Um den Newsletter zu versenden verwenden wir die von Ihnen angegebene E-Mail-Adresse. Dazu ben\u00f6tigen wir von Ihnen als Inhaber der E-Mail-Adresse die Best\u00e4tigung, dass Sie mit dem Empfang des Newsletters einverstanden sind. Der verwendete Dienst ist Mailchimp, die Vertraulichkeitsklauseln des Mailchimp-Dienstes finden Sie unter:&nbsp;<a href=\"https:\/\/kb.mailchimp.com\/fr\/accounts\/management\/about-the-general-data-protection-regulation\" target=\"_blank\" rel=\"noreferrer noopener\">https:\/\/kb.mailchimp.com\/fr\/accounts\/management\/about-the-general-data-protection-regulation<\/a><\/p>\n\n\n\n<p>Wenn Sie in Zukunft keine Newsletter mehr erhalten m\u00f6chten, k\u00f6nnen Sie diese jederzeit abbestellen. Selbstverst\u00e4ndlich finden Sie in jedem Newsletter einen Abmelde-Link.<\/p>\n\n\n\n<h3 class=\"wp-block-heading\">VERWENDUNG VON COOKIES<\/h3>\n\n\n\n<p>Diese Website verwendet Cookies.<br>Wie die meisten Websites, benutzt auch diese Website Cookies. Cookies sind kleine, ungef\u00e4hrliche Textdateien, die in keinem Fall Auswirkungen auf Ihr Privatleben oder die Sicherheit Ihres Rechners haben.<br>Cookies verbessern den Komfort des Benutzers auf der Website und erlauben es dem Herausgeber, eine anonyme Besucherstatistik der Website zu f\u00fchren.<br>Sehen Sie sich bitte die Anleitung Ihres Webbrowsers an, um Informationen dar\u00fcber zu erhalten, wie Sie Cookies auf Ihrem Computer verbieten oder l\u00f6schen k\u00f6nnen.<br>Der Herausgeber informiert den Benutzer dar\u00fcber, dass Cookies zur Verbesserung des Nutzungskomforts der Website, zur Verbesserung der Leistung und zur Erstellung von Besucherstatistiken verwendet werden.<br>Da die Website ohne Verwendung von Cookies nicht funktionieren kann, bitten wir jeden, der mit der Verwendung von Cookies nicht einverstanden ist, umgehend seine Browsersitzung auf der Website zu beenden.<\/p>\n\n\n\n<p>Nous vous donnons la possibilit\u00e9 de d\u00e9sactiver les cookies d\u00e9pos\u00e9s par le site internet et\/ou par les services tiers:&nbsp;<a href=\"https:\/\/www.cavalcade.lu\/de\/impressum\/#0\">Cookie-Verwaltung<\/a>.<\/p>\n\n\n\n<h3 class=\"wp-block-heading\">VERWENDUNG VON GOOGLE ANALYTICS<\/h3>\n\n\n\n<p>Diese Website benutzt Google Analytics, einen Webanalysedienst der Google Inc. (\u00ab Google \u00bb). Google Analytics verwendet sog. \u201eCookies\u201c, Textdateien, die auf Ihrem Computer gespeichert werden, und die eine Analyse der Verwendung der Website durch ihre Nutzer erm\u00f6glichen. Die durch die Nutzung dieser Website gesammelten Informationen werden in der Regel an einen Google-Server in den USA \u00fcbertragen und dort gespeichert. Durch die Aktivierung der Anonymisierung der IP auf dieser Website wird die IP-Adresse vor der \u00dcbertragung in die Mitgliedstaaten der Europ\u00e4ischen Union oder des Europ\u00e4ischen Wirtschaftsraums abgek\u00fcrzt. Die vollst\u00e4ndige IP-Adresse wird nur in Ausnahmef\u00e4llen an einen Google-Server in den USA gesendet, wo sie dann abgek\u00fcrzt wird.<br>L\u2019adresse IP anonym\u00e9e transmise par votre navigateur dans le cadre du service Google Analytics n\u2019est pas recoup\u00e9e avec d\u2019autres donn\u00e9es d\u00e9tenues par Google.&nbsp;<a href=\"https:\/\/www.cavalcade.lu\/de\/impressum\/#0\">Cookie-Verwaltung<\/a><\/p>\n\n\n\n<p>Sie k\u00f6nnen die Erfassung und Verarbeitung von cookiegenerierten Daten durch Google, die sich auf Ihre Nutzung der Website beziehen (einschlie\u00dflich Ihrer IP-Adresse) verhindern, indem Sie das unter dem folgenden Link verf\u00fcgbare Plug-In herunterladen und installieren:&nbsp;<a href=\"http:\/\/tools.google.com\/dlpage\/gaoptout?hl=fr\" target=\"_blank\" rel=\"noreferrer noopener\">http:\/\/tools.google.com\/dlpage\/gaoptout?hl=fr<\/a><\/p>\n\n\n\n<p>Anstatt das Plugin zu installieren, k\u00f6nnen Sie auf diesen Link klicken, um in Zukunft die Erfassung Ihrer Daten beim Besuch dieser Website durch Google Analytics zu verhindern. Dazu wird ein Opt-Out-Cookie auf Ihr Ger\u00e4t gesetzt. Wenn Sie Cookies l\u00f6schen, m\u00fcssen Sie erneut auf diesen Link klicken.<\/p>\n\n\n\n<h3 class=\"wp-block-heading\">ABGESICHERTER DATENTRANSPORT<\/h3>\n\n\n\n<p>Ihre personenbezogenen Daten werden von uns verschl\u00fcsselt \u00fcbertragen. Dies gilt auch f\u00fcr Ihre Bestellung und Ihre Kundenverbindung. Zu diesem Zweck verwenden wir das Verschl\u00fcsselungssystem TLS (Transport Layer Security) oder SSL (Secure Socket Layer).<\/p>\n\n\n\n<p>Dar\u00fcber hinaus sichern wir unsere Website und andere Systeme durch technische und organisatorische Ma\u00dfnahmen gegen Verlust, Zerst\u00f6rung, Zugriff, Ver\u00e4nderung oder Verbreitung Ihrer Daten durch unbefugte Personen.<\/p>\n\n\n\n<h2 class=\"wp-block-heading\">NUTZUNG PRIVATER BENUTZERDATEN<\/h2>\n\n\n\n<h3 class=\"wp-block-heading\">LAGERZEIT IHRER PERS\u00d6NLICHEN DATEN<\/h3>\n\n\n\n<p>Wenn Sie einen Kommentar hinterlassen (sofern m\u00f6glich), werden Kommentar und dazugeh\u00f6rige Metadaten auf unbestimmte Zeit gespeichert. Dadurch werden Nachfolgekommentare automatisch erkannt und freigegeben, anstatt sie in der Moderatoren-Warteschlange festzuhalten.<\/p>\n\n\n\n<p>Wenn Sie uns \u00fcber ein Kontaktformular kontaktieren, werden diese Metadaten auf unbestimmte Zeit privat und sicher gespeichert. Ihre Nachricht wird an unsere Mailbox gesendet, auf die nur Mitarbeiter Zugriff haben.<\/p>\n\n\n\n<p>F\u00fcr NutzerInnen, die sich auf unserer Website registrieren (sofern m\u00f6glich), speichern wir auch die in ihrem Profil angegebenen personenbezogenen Daten. Alle NutzerInnen k\u00f6nnen ihre personenbezogenen Daten (mit Ausnahme ihres NutzerInnen-Namens) jederzeit einsehen, \u00e4ndern oder l\u00f6schen. Die Administratoren der Website haben auch Zugriff auf diese Informationen und k\u00f6nnen diese \u00e4ndern.<\/p>\n\n\n\n<h3 class=\"wp-block-heading\">EIGENE RECHTE AUF IHRE DATEN<\/h3>\n\n\n\n<p>Wenn Sie ein Konto eingerichtet oder Kommentare auf der Website hinterlassen haben, k\u00f6nnen Sie eine Datei anfordern, die alle pers\u00f6nlichen Informationen enth\u00e4lt, die wir \u00fcber Sie gespeichert haben, einschlie\u00dflich der Informationen, die Sie uns zur Verf\u00fcgung gestellt haben. Sie k\u00f6nnen auch verlangen, dass Ihre personenbezogenen Daten gel\u00f6scht werden. F\u00fcr administrative, rechtliche oder sicherheitstechnische Zwecke gespeicherte Daten bleiben dabei unber\u00fccksichtigt.<\/p>\n\n\n\n<h3 class=\"wp-block-heading\">WEITERGEBEN IHRER PERS\u00d6NLICHEN DATEN<\/h3>\n\n\n\n<p>Besucherkommentare k\u00f6nnen \u00fcber einen automatischen Spam-Kommentar-Erkennungsdienst verifiziert werden.<\/p>\n","protected":false},"excerpt":{"rendered":"<p>PRODUKTION \/ WEBDESIGN Digital Vision S.\u00e0 r.l. \u2013 IT-Dienstleistungen Am Hock, 49991 WeiswampachLuxemburg Agence Web Digital Vision +352 206 011 02 IBLC: LU31296945Matricule: 2019 2436 495RCS Luxembourg: B235393 WEB-HOSTING\/DATACENTER Microsoft Azure Amsterdam Data CenterAgriport 601,1775 TK MiddenmeerNetherlands GESETZLICHE INFORMATIONEN &amp; NUTZUNGSBEDINGUNGEN ZUGANGSBEDINGUNGEN ZUR WEBSITE Jede Person (im Folgenden \u201eder Nutzer\u201c), die auf diese Website (im [&hellip;]<\/p>\n","protected":false},"author":1,"featured_media":0,"parent":0,"menu_order":0,"comment_status":"closed","ping_status":"closed","template":"","meta":{"footnotes":""},"acf":[],"yoast_head":"<!-- This site is optimized with the Yoast SEO plugin v22.6 - https:\/\/yoast.com\/wordpress\/plugins\/seo\/ -->\n<title>Impressum - Shop Belicious<\/title>\n<meta name=\"robots\" content=\"noindex, follow, max-snippet:-1, max-image-preview:large, max-video-preview:-1\" \/>\n<meta property=\"og:locale\" content=\"de_DE\" \/>\n<meta property=\"og:type\" content=\"article\" \/>\n<meta property=\"og:title\" content=\"Impressum - Shop Belicious\" \/>\n<meta property=\"og:description\" content=\"PRODUKTION \/ WEBDESIGN Digital Vision S.\u00e0 r.l. \u2013 IT-Dienstleistungen Am Hock, 49991 WeiswampachLuxemburg Agence Web Digital Vision +352 206 011 02 IBLC: LU31296945Matricule: 2019 2436 495RCS Luxembourg: B235393 WEB-HOSTING\/DATACENTER Microsoft Azure Amsterdam Data CenterAgriport 601,1775 TK MiddenmeerNetherlands GESETZLICHE INFORMATIONEN &amp; NUTZUNGSBEDINGUNGEN ZUGANGSBEDINGUNGEN ZUR WEBSITE Jede Person (im Folgenden \u201eder Nutzer\u201c), die auf diese Website (im [&hellip;]\" \/>\n<meta property=\"og:url\" content=\"https:\/\/gite.belicious.be\/de\/impressum\/\" \/>\n<meta property=\"og:site_name\" content=\"Shop Belicious\" \/>\n<meta property=\"article:modified_time\" content=\"2021-06-04T12:02:47+00:00\" \/>\n<meta name=\"twitter:card\" content=\"summary_large_image\" \/>\n<meta name=\"twitter:label1\" content=\"Gesch\u00e4tzte Lesezeit\" \/>\n\t<meta name=\"twitter:data1\" content=\"6\u00a0Minuten\" \/>\n<script type=\"application\/ld+json\" class=\"yoast-schema-graph\">{\"@context\":\"https:\/\/schema.org\",\"@graph\":[{\"@type\":\"WebPage\",\"@id\":\"https:\/\/gite.belicious.be\/de\/impressum\/\",\"url\":\"https:\/\/gite.belicious.be\/de\/impressum\/\",\"name\":\"Impressum - Shop Belicious\",\"isPartOf\":{\"@id\":\"https:\/\/gite.belicious.be\/#website\"},\"datePublished\":\"2021-06-04T12:00:59+00:00\",\"dateModified\":\"2021-06-04T12:02:47+00:00\",\"breadcrumb\":{\"@id\":\"https:\/\/gite.belicious.be\/de\/impressum\/#breadcrumb\"},\"inLanguage\":\"de\",\"potentialAction\":[{\"@type\":\"ReadAction\",\"target\":[\"https:\/\/gite.belicious.be\/de\/impressum\/\"]}]},{\"@type\":\"BreadcrumbList\",\"@id\":\"https:\/\/gite.belicious.be\/de\/impressum\/#breadcrumb\",\"itemListElement\":[{\"@type\":\"ListItem\",\"position\":1,\"name\":\"Home\",\"item\":\"https:\/\/gite.belicious.be\/de\/\"},{\"@type\":\"ListItem\",\"position\":2,\"name\":\"Impressum\"}]},{\"@type\":\"WebSite\",\"@id\":\"https:\/\/gite.belicious.be\/#website\",\"url\":\"https:\/\/gite.belicious.be\/\",\"name\":\"Shop Belicious\",\"description\":\"\",\"potentialAction\":[{\"@type\":\"SearchAction\",\"target\":{\"@type\":\"EntryPoint\",\"urlTemplate\":\"https:\/\/gite.belicious.be\/?s={search_term_string}\"},\"query-input\":\"required name=search_term_string\"}],\"inLanguage\":\"de\"}]}<\/script>\n<!-- \/ Yoast SEO plugin. -->","yoast_head_json":{"title":"Impressum - Shop Belicious","robots":{"index":"noindex","follow":"follow","max-snippet":"max-snippet:-1","max-image-preview":"max-image-preview:large","max-video-preview":"max-video-preview:-1"},"og_locale":"de_DE","og_type":"article","og_title":"Impressum - Shop Belicious","og_description":"PRODUKTION \/ WEBDESIGN Digital Vision S.\u00e0 r.l. \u2013 IT-Dienstleistungen Am Hock, 49991 WeiswampachLuxemburg Agence Web Digital Vision +352 206 011 02 IBLC: LU31296945Matricule: 2019 2436 495RCS Luxembourg: B235393 WEB-HOSTING\/DATACENTER Microsoft Azure Amsterdam Data CenterAgriport 601,1775 TK MiddenmeerNetherlands GESETZLICHE INFORMATIONEN &amp; NUTZUNGSBEDINGUNGEN ZUGANGSBEDINGUNGEN ZUR WEBSITE Jede Person (im Folgenden \u201eder Nutzer\u201c), die auf diese Website (im [&hellip;]","og_url":"https:\/\/gite.belicious.be\/de\/impressum\/","og_site_name":"Shop Belicious","article_modified_time":"2021-06-04T12:02:47+00:00","twitter_card":"summary_large_image","twitter_misc":{"Gesch\u00e4tzte Lesezeit":"6\u00a0Minuten"},"schema":{"@context":"https:\/\/schema.org","@graph":[{"@type":"WebPage","@id":"https:\/\/gite.belicious.be\/de\/impressum\/","url":"https:\/\/gite.belicious.be\/de\/impressum\/","name":"Impressum - Shop Belicious","isPartOf":{"@id":"https:\/\/gite.belicious.be\/#website"},"datePublished":"2021-06-04T12:00:59+00:00","dateModified":"2021-06-04T12:02:47+00:00","breadcrumb":{"@id":"https:\/\/gite.belicious.be\/de\/impressum\/#breadcrumb"},"inLanguage":"de","potentialAction":[{"@type":"ReadAction","target":["https:\/\/gite.belicious.be\/de\/impressum\/"]}]},{"@type":"BreadcrumbList","@id":"https:\/\/gite.belicious.be\/de\/impressum\/#breadcrumb","itemListElement":[{"@type":"ListItem","position":1,"name":"Home","item":"https:\/\/gite.belicious.be\/de\/"},{"@type":"ListItem","position":2,"name":"Impressum"}]},{"@type":"WebSite","@id":"https:\/\/gite.belicious.be\/#website","url":"https:\/\/gite.belicious.be\/","name":"Shop Belicious","description":"","potentialAction":[{"@type":"SearchAction","target":{"@type":"EntryPoint","urlTemplate":"https:\/\/gite.belicious.be\/?s={search_term_string}"},"query-input":"required name=search_term_string"}],"inLanguage":"de"}]}},"_links":{"self":[{"href":"https:\/\/gite.belicious.be\/de\/wp-json\/wp\/v2\/pages\/134"}],"collection":[{"href":"https:\/\/gite.belicious.be\/de\/wp-json\/wp\/v2\/pages"}],"about":[{"href":"https:\/\/gite.belicious.be\/de\/wp-json\/wp\/v2\/types\/page"}],"author":[{"embeddable":true,"href":"https:\/\/gite.belicious.be\/de\/wp-json\/wp\/v2\/users\/1"}],"replies":[{"embeddable":true,"href":"https:\/\/gite.belicious.be\/de\/wp-json\/wp\/v2\/comments?post=134"}],"version-history":[{"count":1,"href":"https:\/\/gite.belicious.be\/de\/wp-json\/wp\/v2\/pages\/134\/revisions"}],"predecessor-version":[{"id":135,"href":"https:\/\/gite.belicious.be\/de\/wp-json\/wp\/v2\/pages\/134\/revisions\/135"}],"wp:attachment":[{"href":"https:\/\/gite.belicious.be\/de\/wp-json\/wp\/v2\/media?parent=134"}],"curies":[{"name":"wp","href":"https:\/\/api.w.org\/{rel}","templated":true}]}}